{"id":2821,"date":"2025-04-11T09:23:04","date_gmt":"2025-04-11T09:23:04","guid":{"rendered":"https:\/\/cupprint.com\/design-templates\/"},"modified":"2025-12-03T07:58:29","modified_gmt":"2025-12-03T07:58:29","slug":"design-templates","status":"publish","type":"page","link":"https:\/\/cupprint.com\/de\/design-templates\/","title":{"rendered":"Design Templates"},"content":{"rendered":"\t\t<div data-elementor-type=\"wp-page\" data-elementor-id=\"2821\" class=\"elementor elementor-2821 elementor-445\" data-elementor-post-type=\"page\">\n\t\t\t\t<div class=\"elementor-element elementor-element-50ffdc2 e-flex e-con-boxed e-con e-parent\" data-id=\"50ffdc2\" data-element_type=\"container\" data-e-type=\"container\">\n\t\t\t\t\t<div class=\"e-con-inner\">\n\t\t<div class=\"elementor-element elementor-element-2215fc5 e-con-full e-flex e-con e-child\" data-id=\"2215fc5\" data-element_type=\"container\" data-e-type=\"container\">\n\t\t\t\t<div class=\"elementor-element elementor-element-01fc93f elementor-widget elementor-widget-html\" data-id=\"01fc93f\" data-element_type=\"widget\" data-e-type=\"widget\" data-widget_type=\"html.default\">\n\t\t\t\t<div class=\"elementor-widget-container\">\n\t\t\t\t\t<div data-tf-live=\"01HVGP6WRM542KS2FKWY73JTWF\"><\/div><script src=\"\/\/embed.typeform.com\/next\/embed.js\"><\/script>\t\t\t\t<\/div>\n\t\t\t\t<\/div>\n\t\t\t\t<div class=\"elementor-element elementor-element-258b04a elementor-widget elementor-widget-heading\" data-id=\"258b04a\" data-element_type=\"widget\" data-e-type=\"widget\" data-widget_type=\"heading.default\">\n\t\t\t\t<div class=\"elementor-widget-container\">\n\t\t\t\t\t<h1 class=\"elementor-heading-title elementor-size-default\">Designvorlagen<\/h1>\t\t\t\t<\/div>\n\t\t\t\t<\/div>\n\t\t\t\t<div class=\"elementor-element elementor-element-f14e1fe elementor-widget__width-initial elementor-widget elementor-widget-text-editor\" data-id=\"f14e1fe\" data-element_type=\"widget\" data-e-type=\"widget\" data-widget_type=\"text-editor.default\">\n\t\t\t\t<div class=\"elementor-widget-container\">\n\t\t\t\t\t\t\t\t\t<p>M\u00f6chten Sie, dass Ihre Designer ein Design erstellen? Kein Problem. Hier finden Sie eine Bibliothek mit Vorlagen f\u00fcr alle Arten von Pappbechern, damit Sie schnell loslegen k\u00f6nnen. Alles ist anpassbar, sodass Ihr endg\u00fcltiges Design so einzigartig ist wie Ihre Marke.<\/p>\t\t\t\t\t\t\t\t<\/div>\n\t\t\t\t<\/div>\n\t\t\t\t<div class=\"elementor-element elementor-element-7dc426b elementor-align-center elementor-hidden-desktop elementor-hidden-laptop elementor-hidden-tablet elementor-hidden-mobile elementor-widget elementor-widget-button\" data-id=\"7dc426b\" data-element_type=\"widget\" data-e-type=\"widget\" data-widget_type=\"button.default\">\n\t\t\t\t<div class=\"elementor-widget-container\">\n\t\t\t\t\t\t\t\t\t<div class=\"elementor-button-wrapper\">\n\t\t\t\t\t<a class=\"elementor-button elementor-button-link elementor-size-sm\" href=\"#\">\n\t\t\t\t\t\t<span class=\"elementor-button-content-wrapper\">\n\t\t\t\t\t\t\t\t\t<span class=\"elementor-button-text\">Visual size guide<\/span>\n\t\t\t\t\t<\/span>\n\t\t\t\t\t<\/a>\n\t\t\t\t<\/div>\n\t\t\t\t\t\t\t\t<\/div>\n\t\t\t\t<\/div>\n\t\t\t\t<\/div>\n\t\t\t\t<div class=\"elementor-element elementor-element-0cb0556 elementor-widget__width-initial elementor-absolute elementor-widget elementor-widget-spacer\" data-id=\"0cb0556\" data-element_type=\"widget\" data-e-type=\"widget\" data-settings=\"{&quot;_position&quot;:&quot;absolute&quot;}\" data-widget_type=\"spacer.default\">\n\t\t\t\t<div class=\"elementor-widget-container\">\n\t\t\t\t\t\t\t<div class=\"elementor-spacer\">\n\t\t\t<div class=\"elementor-spacer-inner\"><\/div>\n\t\t<\/div>\n\t\t\t\t\t\t<\/div>\n\t\t\t\t<\/div>\n\t\t\t\t<div class=\"elementor-element elementor-element-2c47ddb elementor-widget__width-initial elementor-absolute elementor-widget elementor-widget-spacer\" data-id=\"2c47ddb\" data-element_type=\"widget\" data-e-type=\"widget\" data-settings=\"{&quot;_position&quot;:&quot;absolute&quot;}\" data-widget_type=\"spacer.default\">\n\t\t\t\t<div class=\"elementor-widget-container\">\n\t\t\t\t\t\t\t<div class=\"elementor-spacer\">\n\t\t\t<div class=\"elementor-spacer-inner\"><\/div>\n\t\t<\/div>\n\t\t\t\t\t\t<\/div>\n\t\t\t\t<\/div>\n\t\t\t\t<div class=\"elementor-element elementor-element-8016c91 elementor-hidden-desktop elementor-hidden-laptop elementor-hidden-tablet elementor-hidden-mobile elementor-widget elementor-widget-shortcode\" data-id=\"8016c91\" data-element_type=\"widget\" data-e-type=\"widget\" data-widget_type=\"shortcode.default\">\n\t\t\t\t<div class=\"elementor-widget-container\">\n\t\t\t\t\t\t\t<div class=\"elementor-shortcode\"><div class=\"custom-product-list\"><div class=\"custom-product\"><a href=\"https:\/\/cupprint.com\/de\/product\/coffee-cup-lids\/\" class=\"product-main-link\"><div class=\"product-image-wrapper\" style=\"background-color:#e7dcde;\"><img decoding=\"async\" class=\"product-image\" src=\"https:\/\/cupprint.com\/wp-content\/uploads\/2025\/04\/image-79-1.png\" \/><\/div><\/a><ul class=\"variation-options design_templates_list\"><li class=\"variation-swatch\" data-img=\"\">Coffee Cup Lids 80mm-de<\/li><li class=\"variation-swatch\" data-img=\"\">Coffee Cup Lids 80mm-de<\/li><li class=\"variation-swatch\" data-img=\"\">Coffee Cup Lids 90mm-de<\/li><li class=\"variation-swatch\" data-img=\"\">Coffee Cup Lids 90mm-de<\/li><\/ul><\/div><div class=\"custom-product\"><a href=\"https:\/\/cupprint.com\/de\/product\/soup-cups-and-lids\/\" class=\"product-main-link\"><div class=\"product-image-wrapper\" style=\"background-color:#f5f0de;\"><img decoding=\"async\" class=\"product-image\" src=\"https:\/\/cupprint.com\/wp-content\/uploads\/2025\/07\/CPS12SW-SOUP-MPE.png\" \/><\/div><\/a><ul class=\"variation-options design_templates_list\"><li class=\"variation-swatch\" data-img=\"\">Soup Cups and Lids 12oz-de<\/li><li class=\"variation-swatch\" data-img=\"\">Soup Cups and Lids 12oz-de<\/li><li class=\"variation-swatch\" data-img=\"\">Soup Cups and Lids 16oz-de<\/li><li class=\"variation-swatch\" data-img=\"\">Soup Cups and Lids 12oz-de<\/li><li class=\"variation-swatch\" data-img=\"\">Soup Cups and Lids 16oz-de<\/li><li class=\"variation-swatch\" data-img=\"\">Soup Cups and Lids 12oz-de<\/li><li class=\"variation-swatch\" data-img=\"\">Soup Cups and Lids 16oz-de<\/li><li class=\"variation-swatch\" data-img=\"\">Soup Cups and Lids 16oz-de<\/li><\/ul><\/div><div class=\"custom-product\"><a href=\"https:\/\/cupprint.com\/de\/product\/ice-cream-cups\/\" class=\"product-main-link\"><div class=\"product-image-wrapper\" style=\"background-color:#e3ede5;\"><img decoding=\"async\" class=\"product-image\" src=\"https:\/\/cupprint.com\/wp-content\/uploads\/2025\/04\/icecream-cups-img.png\" \/><\/div><\/a><ul class=\"variation-options design_templates_list\"><li class=\"variation-swatch\" data-img=\"\">Ice Cream Cups 16oz-de<\/li><li class=\"variation-swatch\" data-img=\"\">Ice Cream Cups 12oz-de<\/li><li class=\"variation-swatch\" data-img=\"\">Ice Cream Cups 12oz-de<\/li><li class=\"variation-swatch\" data-img=\"\">Ice Cream Cups 16oz-de<\/li><li class=\"variation-swatch\" data-img=\"\">Ice Cream Cups 12oz-de<\/li><li class=\"variation-swatch\" data-img=\"\">Ice Cream Cups 16oz-de<\/li><li class=\"variation-swatch\" data-img=\"\">Ice Cream Cups 16oz-de<\/li><li class=\"variation-swatch\" data-img=\"\">Ice Cream Cups 4oz-de<\/li><li class=\"variation-swatch\" data-img=\"\">Ice Cream Cups 5oz-de<\/li><li class=\"variation-swatch\" data-img=\"\">Ice Cream Cups 8oz-de<\/li><li class=\"variation-swatch\" data-img=\"\">Ice Cream Cups 12oz-de<\/li><li class=\"variation-swatch\" data-img=\"\">Ice Cream Cups 8oz-de<\/li><li class=\"variation-swatch\" data-img=\"\">Ice Cream Cups 5oz-de<\/li><li class=\"variation-swatch\" data-img=\"\">Ice Cream Cups 5oz-de<\/li><li class=\"variation-swatch\" data-img=\"\">Ice Cream Cups 8oz-de<\/li><li class=\"variation-swatch\" data-img=\"\">Ice Cream Cups 8oz-de<\/li><\/ul><\/div><\/div><\/div>\n\t\t\t\t\t\t<\/div>\n\t\t\t\t<\/div>\n\t\t<div class=\"elementor-element elementor-element-c51f7ae e-con-full e-flex e-con e-child\" data-id=\"c51f7ae\" data-element_type=\"container\" data-e-type=\"container\">\n\t\t<div class=\"elementor-element elementor-element-1e3b5db e-con-full e-flex e-con e-child\" data-id=\"1e3b5db\" data-element_type=\"container\" data-e-type=\"container\">\n\t\t\t\t<div class=\"elementor-element elementor-element-aa893e6 elementor-widget elementor-widget-image\" data-id=\"aa893e6\" data-element_type=\"widget\" data-e-type=\"widget\" data-widget_type=\"image.default\">\n\t\t\t\t<div class=\"elementor-widget-container\">\n\t\t\t\t\t\t\t\t\t\t\t\t\t\t\t<img fetchpriority=\"high\" decoding=\"async\" width=\"1000\" height=\"1000\" src=\"https:\/\/cupprint.com\/wp-content\/uploads\/2025\/06\/CPC16DW-MPE.png\" class=\"attachment-full size-full wp-image-1454\" alt=\"\" srcset=\"https:\/\/cupprint.com\/wp-content\/uploads\/2025\/06\/CPC16DW-MPE.png 1000w, https:\/\/cupprint.com\/wp-content\/uploads\/2025\/06\/CPC16DW-MPE-300x300.png 300w, https:\/\/cupprint.com\/wp-content\/uploads\/2025\/06\/CPC16DW-MPE-150x150.png 150w, https:\/\/cupprint.com\/wp-content\/uploads\/2025\/06\/CPC16DW-MPE-768x768.png 768w, https:\/\/cupprint.com\/wp-content\/uploads\/2025\/06\/CPC16DW-MPE-600x600.png 600w, https:\/\/cupprint.com\/wp-content\/uploads\/2025\/06\/CPC16DW-MPE-100x100.png 100w, https:\/\/cupprint.com\/wp-content\/uploads\/2025\/06\/CPC16DW-MPE-50x50.png 50w\" sizes=\"(max-width: 1000px) 100vw, 1000px\" \/>\t\t\t\t\t\t\t\t\t\t\t\t\t\t\t<\/div>\n\t\t\t\t<\/div>\n\t\t\t\t<div class=\"elementor-element elementor-element-2b543a7 elementor-align-center elementor-icon-list--layout-traditional elementor-list-item-link-full_width elementor-widget elementor-widget-icon-list\" data-id=\"2b543a7\" data-element_type=\"widget\" data-e-type=\"widget\" data-widget_type=\"icon-list.default\">\n\t\t\t\t<div class=\"elementor-widget-container\">\n\t\t\t\t\t\t\t<ul class=\"elementor-icon-list-items\">\n\t\t\t\t\t\t\t<li class=\"elementor-icon-list-item\">\n\t\t\t\t\t\t\t\t\t\t\t<a href=\"https:\/\/cupprint.com\/download\/5044\/?tmstv=1764744481\" target=\"_blank\">\n\n\t\t\t\t\t\t\t\t\t\t\t<span class=\"elementor-icon-list-text\">Doppelwand-Becher 240\u202fml<\/span>\n\t\t\t\t\t\t\t\t\t\t\t<\/a>\n\t\t\t\t\t\t\t\t\t<\/li>\n\t\t\t\t\t\t\t\t<li class=\"elementor-icon-list-item\">\n\t\t\t\t\t\t\t\t\t\t\t<a href=\"https:\/\/cupprint.com\/download\/5046\/?tmstv=1764744481\" target=\"_blank\">\n\n\t\t\t\t\t\t\t\t\t\t\t<span class=\"elementor-icon-list-text\">Doppelwand-Becher 350\u202fml<\/span>\n\t\t\t\t\t\t\t\t\t\t\t<\/a>\n\t\t\t\t\t\t\t\t\t<\/li>\n\t\t\t\t\t\t\t\t<li class=\"elementor-icon-list-item\">\n\t\t\t\t\t\t\t\t\t\t\t<a href=\"https:\/\/cupprint.com\/download\/5048\/?tmstv=1764744481\" target=\"_blank\">\n\n\t\t\t\t\t\t\t\t\t\t\t<span class=\"elementor-icon-list-text\">Doppelwand-Becher 470\u202fml<\/span>\n\t\t\t\t\t\t\t\t\t\t\t<\/a>\n\t\t\t\t\t\t\t\t\t<\/li>\n\t\t\t\t\t\t\t\t<li class=\"elementor-icon-list-item\">\n\t\t\t\t\t\t\t\t\t\t\t<a href=\"https:\/\/cupprint.com\/download\/5050\/?tmstv=1764744481\" target=\"_blank\">\n\n\t\t\t\t\t\t\t\t\t\t\t<span class=\"elementor-icon-list-text\">Doppelwand-Becher 590\u202fml<\/span>\n\t\t\t\t\t\t\t\t\t\t\t<\/a>\n\t\t\t\t\t\t\t\t\t<\/li>\n\t\t\t\t\t\t<\/ul>\n\t\t\t\t\t\t<\/div>\n\t\t\t\t<\/div>\n\t\t\t\t<\/div>\n\t\t<div class=\"elementor-element elementor-element-44b6f4f e-con-full e-flex e-con e-child\" data-id=\"44b6f4f\" data-element_type=\"container\" data-e-type=\"container\">\n\t\t\t\t<div class=\"elementor-element elementor-element-5b1fd77 elementor-widget elementor-widget-image\" data-id=\"5b1fd77\" data-element_type=\"widget\" data-e-type=\"widget\" data-widget_type=\"image.default\">\n\t\t\t\t<div class=\"elementor-widget-container\">\n\t\t\t\t\t\t\t\t\t\t\t\t\t\t\t<img decoding=\"async\" width=\"1000\" height=\"1000\" src=\"https:\/\/cupprint.com\/wp-content\/uploads\/2025\/04\/single-wallpaper-cups-img.png\" class=\"attachment-full size-full wp-image-1326\" alt=\"\" srcset=\"https:\/\/cupprint.com\/wp-content\/uploads\/2025\/04\/single-wallpaper-cups-img.png 1000w, https:\/\/cupprint.com\/wp-content\/uploads\/2025\/04\/single-wallpaper-cups-img-300x300.png 300w, https:\/\/cupprint.com\/wp-content\/uploads\/2025\/04\/single-wallpaper-cups-img-100x100.png 100w, https:\/\/cupprint.com\/wp-content\/uploads\/2025\/04\/single-wallpaper-cups-img-600x600.png 600w, https:\/\/cupprint.com\/wp-content\/uploads\/2025\/04\/single-wallpaper-cups-img-150x150.png 150w, https:\/\/cupprint.com\/wp-content\/uploads\/2025\/04\/single-wallpaper-cups-img-768x768.png 768w\" sizes=\"(max-width: 1000px) 100vw, 1000px\" \/>\t\t\t\t\t\t\t\t\t\t\t\t\t\t\t<\/div>\n\t\t\t\t<\/div>\n\t\t\t\t<div class=\"elementor-element elementor-element-9ba15dc elementor-align-center elementor-icon-list--layout-traditional elementor-list-item-link-full_width elementor-widget elementor-widget-icon-list\" data-id=\"9ba15dc\" data-element_type=\"widget\" data-e-type=\"widget\" data-widget_type=\"icon-list.default\">\n\t\t\t\t<div class=\"elementor-widget-container\">\n\t\t\t\t\t\t\t<ul class=\"elementor-icon-list-items\">\n\t\t\t\t\t\t\t<li class=\"elementor-icon-list-item\">\n\t\t\t\t\t\t\t\t\t\t\t<a href=\"https:\/\/cupprint.com\/download\/5034\/?tmstv=1764744481\" target=\"_blank\">\n\n\t\t\t\t\t\t\t\t\t\t\t<span class=\"elementor-icon-list-text\">Einwand-Becher 120\u202fml<\/span>\n\t\t\t\t\t\t\t\t\t\t\t<\/a>\n\t\t\t\t\t\t\t\t\t<\/li>\n\t\t\t\t\t\t\t\t<li class=\"elementor-icon-list-item\">\n\t\t\t\t\t\t\t\t\t\t\t<a href=\"https:\/\/cupprint.com\/download\/5036\/?tmstv=1764744481\" target=\"_blank\">\n\n\t\t\t\t\t\t\t\t\t\t\t<span class=\"elementor-icon-list-text\">Einwand-Becher 240\u202fml<\/span>\n\t\t\t\t\t\t\t\t\t\t\t<\/a>\n\t\t\t\t\t\t\t\t\t<\/li>\n\t\t\t\t\t\t\t\t<li class=\"elementor-icon-list-item\">\n\t\t\t\t\t\t\t\t\t\t\t<a href=\"https:\/\/cupprint.com\/download\/5038\/?tmstv=1764744481\" target=\"_blank\">\n\n\t\t\t\t\t\t\t\t\t\t\t<span class=\"elementor-icon-list-text\">Einwand-Becher 350\u202fml<\/span>\n\t\t\t\t\t\t\t\t\t\t\t<\/a>\n\t\t\t\t\t\t\t\t\t<\/li>\n\t\t\t\t\t\t\t\t<li class=\"elementor-icon-list-item\">\n\t\t\t\t\t\t\t\t\t\t\t<a href=\"https:\/\/cupprint.com\/download\/5040\/?tmstv=1764744481\" target=\"_blank\">\n\n\t\t\t\t\t\t\t\t\t\t\t<span class=\"elementor-icon-list-text\">Einwand-Becher 470\u202fml<\/span>\n\t\t\t\t\t\t\t\t\t\t\t<\/a>\n\t\t\t\t\t\t\t\t\t<\/li>\n\t\t\t\t\t\t\t\t<li class=\"elementor-icon-list-item\">\n\t\t\t\t\t\t\t\t\t\t\t<a href=\"https:\/\/cupprint.com\/download\/5042\/?tmstv=1764744481\" target=\"_blank\">\n\n\t\t\t\t\t\t\t\t\t\t\t<span class=\"elementor-icon-list-text\">Einwand-Becher 590\u202fml<\/span>\n\t\t\t\t\t\t\t\t\t\t\t<\/a>\n\t\t\t\t\t\t\t\t\t<\/li>\n\t\t\t\t\t\t<\/ul>\n\t\t\t\t\t\t<\/div>\n\t\t\t\t<\/div>\n\t\t\t\t<\/div>\n\t\t<div class=\"elementor-element elementor-element-07b7fd4 e-con-full e-flex e-con e-child\" data-id=\"07b7fd4\" data-element_type=\"container\" data-e-type=\"container\">\n\t\t\t\t<div class=\"elementor-element elementor-element-4c7f882 elementor-widget elementor-widget-image\" data-id=\"4c7f882\" data-element_type=\"widget\" data-e-type=\"widget\" data-widget_type=\"image.default\">\n\t\t\t\t<div class=\"elementor-widget-container\">\n\t\t\t\t\t\t\t\t\t\t\t\t\t\t\t<img decoding=\"async\" width=\"1000\" height=\"1000\" src=\"https:\/\/cupprint.com\/wp-content\/uploads\/2025\/04\/icecream-cups-img.png\" class=\"attachment-full size-full wp-image-1327\" alt=\"\" srcset=\"https:\/\/cupprint.com\/wp-content\/uploads\/2025\/04\/icecream-cups-img.png 1000w, https:\/\/cupprint.com\/wp-content\/uploads\/2025\/04\/icecream-cups-img-300x300.png 300w, https:\/\/cupprint.com\/wp-content\/uploads\/2025\/04\/icecream-cups-img-100x100.png 100w, https:\/\/cupprint.com\/wp-content\/uploads\/2025\/04\/icecream-cups-img-600x600.png 600w, https:\/\/cupprint.com\/wp-content\/uploads\/2025\/04\/icecream-cups-img-150x150.png 150w, https:\/\/cupprint.com\/wp-content\/uploads\/2025\/04\/icecream-cups-img-768x768.png 768w\" sizes=\"(max-width: 1000px) 100vw, 1000px\" \/>\t\t\t\t\t\t\t\t\t\t\t\t\t\t\t<\/div>\n\t\t\t\t<\/div>\n\t\t\t\t<div class=\"elementor-element elementor-element-a925522 elementor-align-center elementor-icon-list--layout-traditional elementor-list-item-link-full_width elementor-widget elementor-widget-icon-list\" data-id=\"a925522\" data-element_type=\"widget\" data-e-type=\"widget\" data-widget_type=\"icon-list.default\">\n\t\t\t\t<div class=\"elementor-widget-container\">\n\t\t\t\t\t\t\t<ul class=\"elementor-icon-list-items\">\n\t\t\t\t\t\t\t<li class=\"elementor-icon-list-item\">\n\t\t\t\t\t\t\t\t\t\t\t<a href=\"https:\/\/cupprint.com\/download\/5023\/?tmstv=1764744481\" target=\"_blank\">\n\n\t\t\t\t\t\t\t\t\t\t\t<span class=\"elementor-icon-list-text\">Eisbecher 140 ml<\/span>\n\t\t\t\t\t\t\t\t\t\t\t<\/a>\n\t\t\t\t\t\t\t\t\t<\/li>\n\t\t\t\t\t\t\t\t<li class=\"elementor-icon-list-item\">\n\t\t\t\t\t\t\t\t\t\t\t<a href=\"https:\/\/cupprint.com\/download\/5028\/?tmstv=1764744481\" target=\"_blank\">\n\n\t\t\t\t\t\t\t\t\t\t\t<span class=\"elementor-icon-list-text\">Eisbecher 225 ml<\/span>\n\t\t\t\t\t\t\t\t\t\t\t<\/a>\n\t\t\t\t\t\t\t\t\t<\/li>\n\t\t\t\t\t\t\t\t<li class=\"elementor-icon-list-item\">\n\t\t\t\t\t\t\t\t\t\t\t<a href=\"https:\/\/cupprint.com\/download\/5030\/?tmstv=1764744481\" target=\"_blank\">\n\n\t\t\t\t\t\t\t\t\t\t\t<span class=\"elementor-icon-list-text\">Eisbecher 340 ml<\/span>\n\t\t\t\t\t\t\t\t\t\t\t<\/a>\n\t\t\t\t\t\t\t\t\t<\/li>\n\t\t\t\t\t\t\t\t<li class=\"elementor-icon-list-item\">\n\t\t\t\t\t\t\t\t\t\t\t<a href=\"https:\/\/cupprint.com\/download\/5032\/?tmstv=1764744481\" target=\"_blank\">\n\n\t\t\t\t\t\t\t\t\t\t\t<span class=\"elementor-icon-list-text\">Eisbecher 473 ml<\/span>\n\t\t\t\t\t\t\t\t\t\t\t<\/a>\n\t\t\t\t\t\t\t\t\t<\/li>\n\t\t\t\t\t\t<\/ul>\n\t\t\t\t\t\t<\/div>\n\t\t\t\t<\/div>\n\t\t\t\t<\/div>\n\t\t\t\t<\/div>\n\t\t\t\t\t<\/div>\n\t\t\t\t<\/div>\n\t\t<div class=\"elementor-element elementor-element-e5b012f elementor-hidden-desktop elementor-hidden-laptop elementor-hidden-tablet elementor-hidden-mobile e-flex e-con-boxed e-con e-parent\" data-id=\"e5b012f\" data-element_type=\"container\" data-e-type=\"container\" data-settings=\"{&quot;background_background&quot;:&quot;classic&quot;}\">\n\t\t\t\t\t<div class=\"e-con-inner\">\n\t\t\t\t<div class=\"elementor-element elementor-element-f4f8bec elementor-widget elementor-widget-heading\" data-id=\"f4f8bec\" data-element_type=\"widget\" data-e-type=\"widget\" data-widget_type=\"heading.default\">\n\t\t\t\t<div class=\"elementor-widget-container\">\n\t\t\t\t\t<h2 class=\"elementor-heading-title elementor-size-default\">Template Explainer<\/h2>\t\t\t\t<\/div>\n\t\t\t\t<\/div>\n\t\t\t\t\t<\/div>\n\t\t\t\t<\/div>\n\t\t\t\t<\/div>\n\t\t","protected":false},"excerpt":{"rendered":"<p>Designvorlagen M\u00f6chten Sie, dass Ihre Designer ein Design erstellen? Kein Problem. Hier finden Sie eine Bibliothek mit Vorlagen f\u00fcr alle Arten von Pappbechern, damit Sie schnell loslegen k\u00f6nnen. Alles ist anpassbar, sodass Ihr endg\u00fcltiges Design so einzigartig ist wie Ihre Marke. Visual size guide Doppelwand-Becher 240\u202fml Doppelwand-Becher 350\u202fml Doppelwand-Becher 470\u202fml Doppelwand-Becher 590\u202fml Einwand-Becher 120\u202fml Einwand-Becher [&hellip;]<\/p>\n","protected":false},"author":3,"featured_media":0,"parent":0,"menu_order":0,"comment_status":"closed","ping_status":"closed","template":"elementor_header_footer","meta":{"_acf_changed":false,"inline_featured_image":false,"footnotes":""},"class_list":["post-2821","page","type-page","status-publish","hentry"],"acf":[],"_links":{"self":[{"href":"https:\/\/cupprint.com\/de\/wp-json\/wp\/v2\/pages\/2821","targetHints":{"allow":["GET"]}}],"collection":[{"href":"https:\/\/cupprint.com\/de\/wp-json\/wp\/v2\/pages"}],"about":[{"href":"https:\/\/cupprint.com\/de\/wp-json\/wp\/v2\/types\/page"}],"author":[{"embeddable":true,"href":"https:\/\/cupprint.com\/de\/wp-json\/wp\/v2\/users\/3"}],"replies":[{"embeddable":true,"href":"https:\/\/cupprint.com\/de\/wp-json\/wp\/v2\/comments?post=2821"}],"version-history":[{"count":0,"href":"https:\/\/cupprint.com\/de\/wp-json\/wp\/v2\/pages\/2821\/revisions"}],"wp:attachment":[{"href":"https:\/\/cupprint.com\/de\/wp-json\/wp\/v2\/media?parent=2821"}],"curies":[{"name":"wp","href":"https:\/\/api.w.org\/{rel}","templated":true}]}}