{"id":4884,"date":"2025-10-22T13:23:19","date_gmt":"2025-10-22T13:23:19","guid":{"rendered":"https:\/\/cupprint.com\/vielen-dank-2\/"},"modified":"2025-10-27T11:06:08","modified_gmt":"2025-10-27T11:06:08","slug":"thank-you-contact-form","status":"publish","type":"page","link":"https:\/\/cupprint.com\/de\/thank-you-contact-form\/","title":{"rendered":"Vielen Dank"},"content":{"rendered":"\t\t<div data-elementor-type=\"wp-page\" data-elementor-id=\"4884\" class=\"elementor elementor-4884 elementor-4879\" data-elementor-post-type=\"page\">\n\t\t\t\t<div class=\"elementor-element elementor-element-1e17769 e-flex e-con-boxed e-con e-parent\" data-id=\"1e17769\" data-element_type=\"container\" data-e-type=\"container\">\n\t\t\t\t\t<div class=\"e-con-inner\">\n\t\t\t\t<div class=\"elementor-element elementor-element-be2c617 elementor-widget elementor-widget-heading\" data-id=\"be2c617\" data-element_type=\"widget\" data-e-type=\"widget\" data-widget_type=\"heading.default\">\n\t\t\t\t<div class=\"elementor-widget-container\">\n\t\t\t\t\t<h1 class=\"elementor-heading-title elementor-size-default\">Vielen Dank<\/h1>\t\t\t\t<\/div>\n\t\t\t\t<\/div>\n\t\t\t\t<div class=\"elementor-element elementor-element-d07bf97 elementor-widget elementor-widget-text-editor\" data-id=\"d07bf97\" data-element_type=\"widget\" data-e-type=\"widget\" data-widget_type=\"text-editor.default\">\n\t\t\t\t<div class=\"elementor-widget-container\">\n\t\t\t\t\t\t\t\t\t<p>Vielen Dank f\u00fcr Ihre Zeit. Unser kundenorientiertes, hochmotiviertes Vertriebsteam wird sich so schnell wie m\u00f6glich bei Ihnen melden.<\/p>\n<p>Bitte achten Sie auf eine E-Mail, in der Sie aufgefordert werden, Ihre Adresse zu best\u00e4tigen. Bitte beachten Sie, dass sich diese m\u00f6glicherweise in Ihrem Spam-Ordner befindet.\u00a0Sie k\u00f6nnen sich jederzeit von CupPrint-News abmelden. (<a href=\"https:\/\/cupprint.com\/de\/cup-print-privacy-policy\/\">Datenschutzerkl\u00e4rung von CupPrint.<\/a>)<\/p>\n<ul class=\"wp-block-list\">\n<li><strong><a href=\"https:\/\/cupprint.com\/de\/double-wall-paper-cups-matt-or-gloss\/\" target=\"_blank\" rel=\"noreferrer noopener\">MEHR \u00dcBER DRUCK-FINISHES F\u00dcR BECHER LESEN<\/a><\/strong><\/li>\n<li><strong><a href=\"https:\/\/cupprint.com\/de\/gallery\/\" target=\"_blank\" rel=\"noreferrer noopener\">NACH DESIGN-INSPIRATIONEN SUCHEN<\/a><\/strong><\/li>\n<li><strong><a href=\"https:\/\/cupprint.com\/de\/paper-cup-artwork-design-template-downloads\/\" target=\"_blank\" rel=\"noreferrer noopener\">DESIGNVORLAGEN<\/a><\/strong><\/li>\n<li><strong><a href=\"https:\/\/cupprint.com\/de\/printed-paper-cup-wholesale-buying-disposal-guide\/\">LEITFADEN F\u00dcR DEN KAUF UND DIE ENTSORGUNG VON BEDRUCKTEN PAPPBECHERN<\/a><\/strong><\/li>\n<li><strong><a href=\"https:\/\/cupprint.com\/de\/printed-paper-coffee-cup-printing-faqs\/\">H\u00c4UFIGE FRAGEN<\/a><\/strong><\/li>\n<li><strong><a href=\"https:\/\/cupprint.com\/de\/custom-printed-paper-coffee-cup-design-tips\/\">DESIGN-TIPPS F\u00dcR PAPPBECHERAPER<\/a><\/strong><\/li>\n<\/ul>\t\t\t\t\t\t\t\t<\/div>\n\t\t\t\t<\/div>\n\t\t\t\t\t<\/div>\n\t\t\t\t<\/div>\n\t\t\t\t<\/div>\n\t\t","protected":false},"excerpt":{"rendered":"<p>Vielen Dank Vielen Dank f\u00fcr Ihre Zeit. Unser kundenorientiertes, hochmotiviertes Vertriebsteam wird sich so schnell wie m\u00f6glich bei Ihnen melden. Bitte achten Sie auf eine E-Mail, in der Sie aufgefordert werden, Ihre Adresse zu best\u00e4tigen. Bitte beachten Sie, dass sich diese m\u00f6glicherweise in Ihrem Spam-Ordner befindet.\u00a0Sie k\u00f6nnen sich jederzeit von CupPrint-News abmelden. (Datenschutzerkl\u00e4rung von CupPrint.) [&hellip;]<\/p>\n","protected":false},"author":11,"featured_media":0,"parent":0,"menu_order":0,"comment_status":"closed","ping_status":"closed","template":"elementor_header_footer","meta":{"_acf_changed":false,"inline_featured_image":false,"footnotes":""},"class_list":["post-4884","page","type-page","status-publish","hentry"],"acf":[],"_links":{"self":[{"href":"https:\/\/cupprint.com\/de\/wp-json\/wp\/v2\/pages\/4884","targetHints":{"allow":["GET"]}}],"collection":[{"href":"https:\/\/cupprint.com\/de\/wp-json\/wp\/v2\/pages"}],"about":[{"href":"https:\/\/cupprint.com\/de\/wp-json\/wp\/v2\/types\/page"}],"author":[{"embeddable":true,"href":"https:\/\/cupprint.com\/de\/wp-json\/wp\/v2\/users\/11"}],"replies":[{"embeddable":true,"href":"https:\/\/cupprint.com\/de\/wp-json\/wp\/v2\/comments?post=4884"}],"version-history":[{"count":0,"href":"https:\/\/cupprint.com\/de\/wp-json\/wp\/v2\/pages\/4884\/revisions"}],"wp:attachment":[{"href":"https:\/\/cupprint.com\/de\/wp-json\/wp\/v2\/media?parent=4884"}],"curies":[{"name":"wp","href":"https:\/\/api.w.org\/{rel}","templated":true}]}}