{"id":3305,"date":"2025-04-04T11:12:53","date_gmt":"2025-04-04T11:12:53","guid":{"rendered":"https:\/\/cupprint.com\/product\/double-wall-paper-cups\/"},"modified":"2025-09-23T12:29:02","modified_gmt":"2025-09-23T12:29:02","slug":"double-wall-paper-cups","status":"publish","type":"product","link":"https:\/\/cupprint.com\/de\/product\/double-wall-paper-cups\/","title":{"rendered":"Double Wall Paper Cups"},"content":{"rendered":"<p><strong>Hei\u00dfe Getr\u00e4nke und angenehme H\u00e4nde<\/strong><\/p>\n<p>Unsere doppelwandigen Becher sind komfortabel und leistungsstark. Dank zwei Lagen stabilem Karton mit einem isolierenden Luftspalt dazwischen halten diese Becher hei\u00dfe Getr\u00e4nke warm, ohne dass eine zus\u00e4tzliche H\u00fclle erforderlich ist. Ob kr\u00e4ftiger Espresso, cremiger Latte Macchiato oder w\u00e4rmende hei\u00dfe Schokolade \u2013 diese Becher halten die W\u00e4rme im Inneren und die Au\u00dfenschicht k\u00fchl.<\/p>\n<p>Damit sind sie die perfekte Wahl f\u00fcr gut besuchte Caf\u00e9s, Coffeeshops, Restaurants oder Veranstaltungen, bei denen Qualit\u00e4t und Kundenkomfort im Vordergrund stehen.<\/p>\n<p><strong>Vollst\u00e4ndig individualisierbar, brillante Vollfarbe<\/strong><\/p>\n<p>Cup Print doppelwandige Becher k\u00f6nnen vollfarbig mit lebensmittelechten, geruchsneutralen Tinten bedruckt werden und machen jeden Becher zu einem professionellen Markenzeichen. Ob mit Ihrem Logo oder einem Rundum-Design \u2013 Ihr individueller Becher f\u00e4llt auf und hinterl\u00e4sst einen bleibenden Eindruck.<\/p>\n<p>Doppelwandige Becher sind in allen Gr\u00f6\u00dfen von 237 ml bis 597 ml erh\u00e4ltlich und bieten eine zuverl\u00e4ssige, hochwertige Option f\u00fcr Hei\u00dfgetr\u00e4nke, die sich auch f\u00fcr gek\u00fchlte Getr\u00e4nke gut eignen. Keine kalten H\u00e4nde mehr von Eiskaffee oder -tee! Zeigen Sie Ihre Marke! Wir sind absolut begeistert.<\/p>\n","protected":false},"excerpt":{"rendered":"<p>Hei\u00dfe Getr\u00e4nke und angenehme H\u00e4nde Unsere doppelwandigen Becher sind komfortabel und leistungsstark. Dank zwei Lagen stabilem Karton mit einem isolierenden Luftspalt dazwischen halten diese Becher hei\u00dfe Getr\u00e4nke warm, ohne dass eine zus\u00e4tzliche H\u00fclle erforderlich ist. Ob kr\u00e4ftiger Espresso, cremiger Latte Macchiato oder w\u00e4rmende hei\u00dfe Schokolade \u2013 diese Becher halten die W\u00e4rme im Inneren und die [&hellip;]<\/p>\n","protected":false},"featured_media":1325,"comment_status":"closed","ping_status":"closed","template":"","meta":{"_acf_changed":false,"inline_featured_image":false},"product-type":[],"product_brand":[],"product_cat":[175],"product_tag":[],"class_list":{"0":"post-3305","1":"product","2":"type-product","3":"status-publish","4":"has-post-thumbnail","6":"product_cat-nicht-kategorisiert","7":"pa_finishes-glanz","8":"pa_finishes-matt-de","9":"pa_material-kompostierbare","10":"pa_material-recyclebarer","11":"pa_material-regular-de","12":"pa_size-8oz-de","13":"pa_size-12oz-de","14":"pa_size-16oz-de","15":"pa_size-20oz-de","16":"pa_special-finishes-colour-changing-inks-de","17":"pa_special-finishes-cut-out-windows-de","18":"pa_special-finishes-embossed-de","19":"pa_special-finishes-metallic-text-de","20":"pa_special-finishes-musical-de","21":"pa_special-finishes-printed-base-de","22":"pa_special-finishes-pull-out-tabs-de","24":"first","25":"instock","26":"shipping-taxable","27":"purchasable","28":"product-type-variable","29":"has-default-attributes"},"acf":[],"_links":{"self":[{"href":"https:\/\/cupprint.com\/de\/wp-json\/wp\/v2\/product\/3305","targetHints":{"allow":["GET"]}}],"collection":[{"href":"https:\/\/cupprint.com\/de\/wp-json\/wp\/v2\/product"}],"about":[{"href":"https:\/\/cupprint.com\/de\/wp-json\/wp\/v2\/types\/product"}],"replies":[{"embeddable":true,"href":"https:\/\/cupprint.com\/de\/wp-json\/wp\/v2\/comments?post=3305"}],"version-history":[{"count":0,"href":"https:\/\/cupprint.com\/de\/wp-json\/wp\/v2\/product\/3305\/revisions"}],"wp:featuredmedia":[{"embeddable":true,"href":"https:\/\/cupprint.com\/de\/wp-json\/wp\/v2\/media\/1325"}],"wp:attachment":[{"href":"https:\/\/cupprint.com\/de\/wp-json\/wp\/v2\/media?parent=3305"}],"wp:term":[{"taxonomy":"product-type","embeddable":true,"href":"https:\/\/cupprint.com\/de\/wp-json\/wp\/v2\/product-type?post=3305"},{"taxonomy":"product_brand","embeddable":true,"href":"https:\/\/cupprint.com\/de\/wp-json\/wp\/v2\/product_brand?post=3305"},{"taxonomy":"product_cat","embeddable":true,"href":"https:\/\/cupprint.com\/de\/wp-json\/wp\/v2\/product_cat?post=3305"},{"taxonomy":"product_tag","embeddable":true,"href":"https:\/\/cupprint.com\/de\/wp-json\/wp\/v2\/product_tag?post=3305"}],"curies":[{"name":"wp","href":"https:\/\/api.w.org\/{rel}","templated":true}]}}