{"id":3331,"date":"2025-04-04T11:22:31","date_gmt":"2025-04-04T11:22:31","guid":{"rendered":"https:\/\/cupprint.com\/product\/single-wall-paper-cups\/"},"modified":"2025-10-07T07:54:38","modified_gmt":"2025-10-07T07:54:38","slug":"single-wall-paper-cups","status":"publish","type":"product","link":"https:\/\/cupprint.com\/de\/product\/single-wall-paper-cups\/","title":{"rendered":"Single Wall Paper Cups"},"content":{"rendered":"<h3 data-start=\"0\" data-end=\"49\">Vielseitige Becher f\u00fcr kalte und hei\u00dfe Getr\u00e4nke<\/h3>\n<p data-start=\"51\" data-end=\"356\">Unsere einwandigen Papierbecher sind eine vielseitige Wahl, perfekt zum Servieren von kalten Getr\u00e4nken allein oder von hei\u00dfen Getr\u00e4nken in Kombination mit H\u00fcllen. Ob Sie Eiskaffee, frische S\u00e4fte oder dampfende Lattes anbieten \u2013 diese Becher bieten eine zuverl\u00e4ssige, hochwertige Option f\u00fcr jeden Anlass.<\/p>\n<p data-start=\"358\" data-end=\"593\">Erh\u00e4ltlich in Gr\u00f6\u00dfen von 4\u202foz bis 20\u202foz, sind unsere einwandigen Becher in regul\u00e4ren, recycelbaren und kompostierbaren Ausf\u00fchrungen erh\u00e4ltlich, um den Bed\u00fcrfnissen Ihres Unternehmens und Ihren Nachhaltigkeitszielen gerecht zu werden.<\/p>\n<h3 data-start=\"595\" data-end=\"643\">Haltbar, nachhaltig und individuell bedruckbar<\/h3>\n<p data-start=\"645\" data-end=\"962\">Hergestellt aus stabilem 320\u202fg\/m\u00b2 Karton aus PEFC-zertifizierter nachhaltiger Forstwirtschaft, verbinden diese Becher Qualit\u00e4t mit Verantwortung. Individuell bedruckt, um Ihre Marke zu pr\u00e4sentieren, sind sie ein ausgezeichnetes Werkzeug f\u00fcr mobile Werbung bei Veranstaltungen, in B\u00fcros, Caf\u00e9s, Restaurants und mehr.<\/p>\n<p data-start=\"964\" data-end=\"1128\" data-is-last-node=\"\" data-is-only-node=\"\">W\u00e4hlen Sie einwandige Becher, um Ihre Getr\u00e4nke mit Vertrauen und Stil zu servieren \u2013 unterst\u00fctzt durch umweltfreundliche Materialien und erstklassige Druckqualit\u00e4t.<\/p>\n","protected":false},"excerpt":{"rendered":"<p>Vielseitige Becher f\u00fcr kalte und hei\u00dfe Getr\u00e4nke Unsere einwandigen Papierbecher sind eine vielseitige Wahl, perfekt zum Servieren von kalten Getr\u00e4nken allein oder von hei\u00dfen Getr\u00e4nken in Kombination mit H\u00fcllen. Ob Sie Eiskaffee, frische S\u00e4fte oder dampfende Lattes anbieten \u2013 diese Becher bieten eine zuverl\u00e4ssige, hochwertige Option f\u00fcr jeden Anlass. Erh\u00e4ltlich in Gr\u00f6\u00dfen von 4\u202foz bis [&hellip;]<\/p>\n","protected":false},"featured_media":1326,"comment_status":"closed","ping_status":"closed","template":"","meta":{"_acf_changed":false,"inline_featured_image":false},"product-type":[],"product_brand":[],"product_cat":[175],"product_tag":[],"class_list":{"0":"post-3331","1":"product","2":"type-product","3":"status-publish","4":"has-post-thumbnail","6":"product_cat-nicht-kategorisiert","7":"pa_finishes-glanz","8":"pa_finishes-matt-de","9":"pa_material-kompostierbare","10":"pa_material-recyclebarer","11":"pa_material-regular-de","12":"pa_size-4oz-de","13":"pa_size-7oz-de","14":"pa_size-8oz-de","15":"pa_size-12oz-de","16":"pa_size-16oz-de","17":"pa_size-20oz-de","19":"first","20":"instock","21":"shipping-taxable","22":"purchasable","23":"product-type-variable","24":"has-default-attributes"},"acf":[],"_links":{"self":[{"href":"https:\/\/cupprint.com\/de\/wp-json\/wp\/v2\/product\/3331","targetHints":{"allow":["GET"]}}],"collection":[{"href":"https:\/\/cupprint.com\/de\/wp-json\/wp\/v2\/product"}],"about":[{"href":"https:\/\/cupprint.com\/de\/wp-json\/wp\/v2\/types\/product"}],"replies":[{"embeddable":true,"href":"https:\/\/cupprint.com\/de\/wp-json\/wp\/v2\/comments?post=3331"}],"version-history":[{"count":0,"href":"https:\/\/cupprint.com\/de\/wp-json\/wp\/v2\/product\/3331\/revisions"}],"wp:featuredmedia":[{"embeddable":true,"href":"https:\/\/cupprint.com\/de\/wp-json\/wp\/v2\/media\/1326"}],"wp:attachment":[{"href":"https:\/\/cupprint.com\/de\/wp-json\/wp\/v2\/media?parent=3331"}],"wp:term":[{"taxonomy":"product-type","embeddable":true,"href":"https:\/\/cupprint.com\/de\/wp-json\/wp\/v2\/product-type?post=3331"},{"taxonomy":"product_brand","embeddable":true,"href":"https:\/\/cupprint.com\/de\/wp-json\/wp\/v2\/product_brand?post=3331"},{"taxonomy":"product_cat","embeddable":true,"href":"https:\/\/cupprint.com\/de\/wp-json\/wp\/v2\/product_cat?post=3331"},{"taxonomy":"product_tag","embeddable":true,"href":"https:\/\/cupprint.com\/de\/wp-json\/wp\/v2\/product_tag?post=3331"}],"curies":[{"name":"wp","href":"https:\/\/api.w.org\/{rel}","templated":true}]}}